{"id":2,"date":"2023-10-19T17:34:10","date_gmt":"2023-10-19T15:34:10","guid":{"rendered":"https:\/\/adl-neuropsy.com\/?page_id=2"},"modified":"2023-11-30T15:54:40","modified_gmt":"2023-11-30T14:54:40","slug":"mentions-legales","status":"publish","type":"page","link":"https:\/\/adl-neuropsy.com\/index.php\/mentions-legales\/","title":{"rendered":"Mentions L\u00e9gales"},"content":{"rendered":"\t\t<div data-elementor-type=\"wp-page\" data-elementor-id=\"2\" class=\"elementor elementor-2\">\n\t\t\t\t\t\t\t<div class=\"elementor-element elementor-element-6ee692c9 e-flex e-con-boxed e-con e-parent\" data-id=\"6ee692c9\" data-element_type=\"container\" data-settings=\"{&quot;content_width&quot;:&quot;boxed&quot;}\" data-core-v316-plus=\"true\">\n\t\t\t\t\t<div class=\"e-con-inner\">\n\t\t\t\t<div class=\"elementor-element elementor-element-3c368e95 elementor-widget elementor-widget-text-editor\" data-id=\"3c368e95\" data-element_type=\"widget\" data-widget_type=\"text-editor.default\">\n\t\t\t\t<div class=\"elementor-widget-container\">\n\t\t\t<style>\/*! elementor - v3.16.0 - 17-10-2023 *\/\n.elementor-widget-text-editor.elementor-drop-cap-view-stacked .elementor-drop-cap{background-color:#69727d;color:#fff}.elementor-widget-text-editor.elementor-drop-cap-view-framed .elementor-drop-cap{color:#69727d;border:3px solid;background-color:transparent}.elementor-widget-text-editor:not(.elementor-drop-cap-view-default) .elementor-drop-cap{margin-top:8px}.elementor-widget-text-editor:not(.elementor-drop-cap-view-default) .elementor-drop-cap-letter{width:1em;height:1em}.elementor-widget-text-editor .elementor-drop-cap{float:left;text-align:center;line-height:1;font-size:50px}.elementor-widget-text-editor .elementor-drop-cap-letter{display:inline-block}<\/style>\t\t\t\t<p>En vigueur au 30\/11\/2023<\/p><p>Conform\u00e9ment aux dispositions des Articles 6-III et 19 de la Loi n\u00b02004-575 du 21 juin 2004 pour la Confiance dans l\u2019\u00e9conomie num\u00e9rique, dite L.C.E.N., il est port\u00e9 \u00e0 la connaissance des utilisateurs et visiteurs, ci-apr\u00e8s l&#8221;<b>Utilisateur<\/b>&#8220;, du site adl-neuropsy.com , ci-apr\u00e8s le &#8220;<b>Site<\/b>&#8220;, les pr\u00e9sentes mentions l\u00e9gales.<\/p><p>La connexion et la navigation sur le Site par l\u2019Utilisateur implique acceptation int\u00e9grale et sans r\u00e9serve des pr\u00e9sentes mentions l\u00e9gales.<\/p><p>Ces derni\u00e8res sont accessibles sur le Site \u00e0 la rubrique \u00ab <b>Mentions l\u00e9gales<\/b> \u00bb.<\/p><p><b>ARTICLE 1 &#8211; L&#8217;EDITEUR<\/b><\/p><p>L&#8217;\u00e9dition du Site est assur\u00e9e par ADL Neuropsy Entreprise individuelle, immatricul\u00e9e au Registre du Commerce et des Soci\u00e9t\u00e9s sous le num\u00e9ro 978 097 186, dont le si\u00e8ge social est situ\u00e9 au 4 rue de Cernay 68700 WATTWILLER.<span class=\"Apple-converted-space\">\u00a0<\/span><\/p><p>N\u00b0ADELI : 689311462<\/p><p>Num\u00e9ro de t\u00e9l\u00e9phone 0651194510<\/p><p>Adresse e-mail : alexandra@adl-neuropsy.com.<\/p><p>Le Directeur de la publication est Alexandra De Lima<\/p><p>ci-apr\u00e8s l'&#8221;<b>Editeur<\/b>&#8220;.<\/p><p><b>ARTICLE 2 &#8211; L&#8217;HEBERGEUR<\/b><\/p><p>L&#8217;h\u00e9bergeur du Site est la soci\u00e9t\u00e9 HOSTINGER INTERNATIONAL LTD, dont le si\u00e8ge social est situ\u00e9 au 61 Lordou Vironos Street, 6023 Larnaca, Chypre , joignable par le moyen suivant : <a href=\"https:\/\/www.hostinger.fr\/contact\">https:\/\/www.hostinger.fr\/contact<\/a>.<\/p><p><b>ARTICLE 3 &#8211; ACCES AU SITE<\/b><\/p><p>Le Site est accessible en tout endroit, 7j\/7, 24h\/24 sauf cas de force majeure, interruption programm\u00e9e ou non et pouvant d\u00e9coulant d\u2019une n\u00e9cessit\u00e9 de maintenance.<\/p><p>En cas de modification, interruption ou suspension du Site, l&#8217;Editeur ne saurait \u00eatre tenu responsable.<\/p><p><b>ARTICLE 4 &#8211; COLLECTE DES DONNEES<\/b><\/p><p>Le Site assure \u00e0 l&#8217;Utilisateur une collecte et un traitement d&#8217;informations personnelles dans le respect de la vie priv\u00e9e conform\u00e9ment \u00e0 la loi n\u00b078-17 du 6 janvier 1978 relative \u00e0 l&#8217;informatique, aux fichiers et aux libert\u00e9s.<span class=\"Apple-converted-space\">\u00a0<\/span><\/p><p>En vertu de la loi Informatique et Libert\u00e9s, en date du 6 janvier 1978, l&#8217;Utilisateur dispose d&#8217;un droit d&#8217;acc\u00e8s, de rectification, de suppression et d&#8217;opposition de ses donn\u00e9es personnelles. L&#8217;Utilisateur exerce ce droit :<\/p><p>\u00b7 <span class=\"Apple-converted-space\">\u00a0 \u00a0 \u00a0 \u00a0 <\/span>par mail \u00e0 l&#8217;adresse email alexandra@adl-neuropsy.com<\/p><p>Toute utilisation, reproduction, diffusion, commercialisation, modification de toute ou partie du Site, sans autorisation de l\u2019Editeur est prohib\u00e9e et pourra entra\u00een\u00e9e des actions et poursuites judiciaires telles que notamment pr\u00e9vues par le Code de la propri\u00e9t\u00e9 intellectuelle et le Code civil.<\/p>\t\t\t\t\t\t<\/div>\n\t\t\t\t<\/div>\n\t\t\t\t\t<\/div>\n\t\t\t\t<\/div>\n\t\t\t\t\t\t\t<\/div>\n\t\t","protected":false},"excerpt":{"rendered":"<p>En vigueur au 30\/11\/2023 Conform\u00e9ment aux dispositions des Articles 6-III et 19 de la Loi n\u00b02004-575 du 21 juin 2004 pour la Confiance dans l\u2019\u00e9conomie num\u00e9rique, dite L.C.E.N., il est port\u00e9 \u00e0 la connaissance des utilisateurs et visiteurs, ci-apr\u00e8s l&#8221;Utilisateur&#8220;, du site adl-neuropsy.com , ci-apr\u00e8s le &#8220;Site&#8220;, les pr\u00e9sentes mentions l\u00e9gales. La connexion et la &hellip;<\/p>\n<p class=\"read-more\"> <a class=\"\" href=\"https:\/\/adl-neuropsy.com\/index.php\/mentions-legales\/\"> <span class=\"screen-reader-text\">Mentions L\u00e9gales<\/span> Read More &raquo;<\/a><\/p>\n","protected":false},"author":1,"featured_media":0,"parent":0,"menu_order":0,"comment_status":"closed","ping_status":"closed","template":"","meta":{"site-sidebar-layout":"default","site-content-layout":"","ast-site-content-layout":"default","site-content-style":"default","site-sidebar-style":"default","ast-global-header-display":"","ast-banner-title-visibility":"","ast-main-header-display":"","ast-hfb-above-header-display":"","ast-hfb-below-header-display":"","ast-hfb-mobile-header-display":"","site-post-title":"","ast-breadcrumbs-content":"","ast-featured-img":"","footer-sml-layout":"","theme-transparent-header-meta":"","adv-header-id-meta":"","stick-header-meta":"","header-above-stick-meta":"","header-main-stick-meta":"","header-below-stick-meta":"","astra-migrate-meta-layouts":"set","ast-page-background-enabled":"default","ast-page-background-meta":{"desktop":{"background-color":"","background-image":"","background-repeat":"repeat","background-position":"center center","background-size":"auto","background-attachment":"scroll","background-type":"","background-media":"","overlay-type":"","overlay-color":"","overlay-gradient":""},"tablet":{"background-color":"","background-image":"","background-repeat":"repeat","background-position":"center center","background-size":"auto","background-attachment":"scroll","background-type":"","background-media":"","overlay-type":"","overlay-color":"","overlay-gradient":""},"mobile":{"background-color":"","background-image":"","background-repeat":"repeat","background-position":"center center","background-size":"auto","background-attachment":"scroll","background-type":"","background-media":"","overlay-type":"","overlay-color":"","overlay-gradient":""}},"ast-content-background-meta":{"desktop":{"background-color":"var(--ast-global-color-5)","background-image":"","background-repeat":"repeat","background-position":"center center","background-size":"auto","background-attachment":"scroll","background-type":"","background-media":"","overlay-type":"","overlay-color":"","overlay-gradient":""},"tablet":{"background-color":"var(--ast-global-color-5)","background-image":"","background-repeat":"repeat","background-position":"center center","background-size":"auto","background-attachment":"scroll","background-type":"","background-media":"","overlay-type":"","overlay-color":"","overlay-gradient":""},"mobile":{"background-color":"var(--ast-global-color-5)","background-image":"","background-repeat":"repeat","background-position":"center center","background-size":"auto","background-attachment":"scroll","background-type":"","background-media":"","overlay-type":"","overlay-color":"","overlay-gradient":""}},"footnotes":""},"_links":{"self":[{"href":"https:\/\/adl-neuropsy.com\/index.php\/wp-json\/wp\/v2\/pages\/2"}],"collection":[{"href":"https:\/\/adl-neuropsy.com\/index.php\/wp-json\/wp\/v2\/pages"}],"about":[{"href":"https:\/\/adl-neuropsy.com\/index.php\/wp-json\/wp\/v2\/types\/page"}],"author":[{"embeddable":true,"href":"https:\/\/adl-neuropsy.com\/index.php\/wp-json\/wp\/v2\/users\/1"}],"replies":[{"embeddable":true,"href":"https:\/\/adl-neuropsy.com\/index.php\/wp-json\/wp\/v2\/comments?post=2"}],"version-history":[{"count":7,"href":"https:\/\/adl-neuropsy.com\/index.php\/wp-json\/wp\/v2\/pages\/2\/revisions"}],"predecessor-version":[{"id":1610,"href":"https:\/\/adl-neuropsy.com\/index.php\/wp-json\/wp\/v2\/pages\/2\/revisions\/1610"}],"wp:attachment":[{"href":"https:\/\/adl-neuropsy.com\/index.php\/wp-json\/wp\/v2\/media?parent=2"}],"curies":[{"name":"wp","href":"https:\/\/api.w.org\/{rel}","templated":true}]}}